{"id":1637,"date":"2023-04-05T16:26:26","date_gmt":"2023-04-05T16:26:26","guid":{"rendered":"https:\/\/florfashionboutique.com\/?post_type=product&#038;p=1637"},"modified":"2023-04-05T17:13:52","modified_gmt":"2023-04-05T17:13:52","slug":"invictus-by-paco-rabanne-eau-de-toilette-spray","status":"publish","type":"product","link":"https:\/\/florfashionboutique.com\/index.php\/product\/invictus-by-paco-rabanne-eau-de-toilette-spray\/","title":{"rendered":"Invictus by Paco Rabanne"},"content":{"rendered":"<p>Notas superiores: pimienta negra, flor de naranja, cardamomo.<br \/>\nNotas de coraz\u00f3n: laurel, licor de whisky<br \/>\nNotas de fondo: maderas, \u00e1mbar negro, \u00e1mbar gris<\/p>\n","protected":false},"excerpt":{"rendered":"<p>Notas superiores: pimienta negra, flor de naranja, cardamomo. Notas de coraz\u00f3n: laurel, licor de whisky Notas de fondo: maderas, \u00e1mbar negro, \u00e1mbar gris<\/p>\n","protected":false},"featured_media":1161,"comment_status":"open","ping_status":"closed","template":"","meta":[],"product_cat":[22],"product_tag":[],"class_list":["post-1637","product","type-product","status-publish","has-post-thumbnail","hentry","product_cat-fragances"],"_links":{"self":[{"href":"https:\/\/florfashionboutique.com\/index.php\/wp-json\/wp\/v2\/product\/1637","targetHints":{"allow":["GET"]}}],"collection":[{"href":"https:\/\/florfashionboutique.com\/index.php\/wp-json\/wp\/v2\/product"}],"about":[{"href":"https:\/\/florfashionboutique.com\/index.php\/wp-json\/wp\/v2\/types\/product"}],"replies":[{"embeddable":true,"href":"https:\/\/florfashionboutique.com\/index.php\/wp-json\/wp\/v2\/comments?post=1637"}],"wp:featuredmedia":[{"embeddable":true,"href":"https:\/\/florfashionboutique.com\/index.php\/wp-json\/wp\/v2\/media\/1161"}],"wp:attachment":[{"href":"https:\/\/florfashionboutique.com\/index.php\/wp-json\/wp\/v2\/media?parent=1637"}],"wp:term":[{"taxonomy":"product_cat","embeddable":true,"href":"https:\/\/florfashionboutique.com\/index.php\/wp-json\/wp\/v2\/product_cat?post=1637"},{"taxonomy":"product_tag","embeddable":true,"href":"https:\/\/florfashionboutique.com\/index.php\/wp-json\/wp\/v2\/product_tag?post=1637"}],"curies":[{"name":"wp","href":"https:\/\/api.w.org\/{rel}","templated":true}]}}